{"id":9,"date":"2013-10-24T22:08:05","date_gmt":"2013-10-24T20:08:05","guid":{"rendered":"https:\/\/kjppraxis-meiners.de\/?page_id=9"},"modified":"2013-11-14T21:18:37","modified_gmt":"2013-11-14T20:18:37","slug":"fuer-kinder-und-jugendliche","status":"publish","type":"page","link":"https:\/\/kjppraxis-meiners.de\/?page_id=9","title":{"rendered":"F\u00fcr Kinder &#038; Jugendliche"},"content":{"rendered":"<p style=\"text-align: justify;\">Hallo Du!<\/p>\n<p style=\"text-align: justify;\">Sch\u00f6n, dass du den Weg auf meine Internetseite gefunden hast! Nicht immer l\u00e4uft im Leben alles rund und manchmal hat man das Gef\u00fchl, man bekommt nichts mehr hin, alles geht schief, man ist ganz allein mit dem Schlamassel.<\/p>\n<p style=\"text-align: justify;\">Kennst du das Gef\u00fchl? Damit bist du nicht allein! Vielen Kindern und Jugendlichen geht es mal so. Manchen nur kurz und es geht ihnen bald besser, anderen wiederum l\u00e4nger und weder Familie noch Freunde k\u00f6nnen ihnen helfen, dass es ihnen wieder gut geht. Dann braucht man manchmal professionelle Hilfe.<\/p>\n<p style=\"text-align: justify;\">In meiner Praxis lerne ich viele Kinder und Jugendliche kennen,<\/p>\n<ul style=\"text-align: justify;\">\n<li>die oft traurig sind,<\/li>\n<li>die vor vielem Angst haben, vor allem im Kontakt mit Gleichaltrigen oder in der Schule,<\/li>\n<li>die sich nicht gut konzentrieren k\u00f6nnen und st\u00e4ndig in \u201eAction\u201c sind,<\/li>\n<li>die etwas sehr Schlimmes erlebt haben, an das sie oft denken m\u00fcssen,<\/li>\n<li>die an einer Essst\u00f6rung leiden,<\/li>\n<li>die eine chronische k\u00f6rperliche Erkrankung haben, mit der es nicht leicht ist, klarzukommen,<\/li>\n<li>die das Gef\u00fchl haben, etwas immer und immer wieder tun oder denken zu m\u00fcssen,<\/li>\n<li>die oft Schmerzen haben, ohne dass eine k\u00f6rperliche Ursache daf\u00fcr gefunden wurde,<\/li>\n<li>die Stimmungsschwankungen haben und sich selbst verletzen,<\/li>\n<li>die h\u00e4ufig Streit mit ihren Eltern haben oder<\/li>\n<li>die Schwierigkeiten haben, Freunde zu finden.<\/li>\n<\/ul>\n<p style=\"text-align: justify;\">Au\u00dferdem arbeite ich mit Kindern und Jugendlichen, die an einer sogenannten \u201eAutismus-Spektrum-St\u00f6rung\u201c leiden.<\/p>\n<p style=\"text-align: justify;\">Ganz wichtig ist, dass wir zu Beginn einer Therapie immer mehrere Stunden Zeit haben, uns kennenzulernen. Erst danach musst du entscheiden, ob du h\u00e4ufiger zu mir kommen m\u00f6chtest oder nicht. Das ist auch ok!<\/p>\n","protected":false},"excerpt":{"rendered":"<p>Hallo Du! Sch\u00f6n, dass du den Weg auf meine Internetseite gefunden hast! Nicht immer l\u00e4uft im Leben alles rund und manchmal hat man das Gef\u00fchl, man bekommt nichts mehr hin, alles geht schief, man ist ganz allein mit dem Schlamassel. Kennst du das Gef\u00fchl? Damit bist du nicht allein! Vielen Kindern und Jugendlichen geht es [&hellip;]<\/p>\n","protected":false},"author":2,"featured_media":0,"parent":0,"menu_order":0,"comment_status":"closed","ping_status":"closed","template":"page-templates\/full-width.php","meta":{"_uag_custom_page_level_css":"","footnotes":""},"uagb_featured_image_src":{"full":false,"thumbnail":false,"medium":false,"medium_large":false,"large":false,"1536x1536":false,"2048x2048":false,"post-thumbnail":false},"uagb_author_info":{"display_name":"Anne Meiners","author_link":"https:\/\/kjppraxis-meiners.de\/?author=2"},"uagb_comment_info":0,"uagb_excerpt":"Hallo Du! Sch\u00f6n, dass du den Weg auf meine Internetseite gefunden hast! Nicht immer l\u00e4uft im Leben alles rund und manchmal hat man das Gef\u00fchl, man bekommt nichts mehr hin, alles geht schief, man ist ganz allein mit dem Schlamassel. Kennst du das Gef\u00fchl? Damit bist du nicht allein! Vielen Kindern und Jugendlichen geht es&hellip;","_links":{"self":[{"href":"https:\/\/kjppraxis-meiners.de\/index.php?rest_route=\/wp\/v2\/pages\/9"}],"collection":[{"href":"https:\/\/kjppraxis-meiners.de\/index.php?rest_route=\/wp\/v2\/pages"}],"about":[{"href":"https:\/\/kjppraxis-meiners.de\/index.php?rest_route=\/wp\/v2\/types\/page"}],"author":[{"embeddable":true,"href":"https:\/\/kjppraxis-meiners.de\/index.php?rest_route=\/wp\/v2\/users\/2"}],"replies":[{"embeddable":true,"href":"https:\/\/kjppraxis-meiners.de\/index.php?rest_route=%2Fwp%2Fv2%2Fcomments&post=9"}],"version-history":[{"count":3,"href":"https:\/\/kjppraxis-meiners.de\/index.php?rest_route=\/wp\/v2\/pages\/9\/revisions"}],"predecessor-version":[{"id":36,"href":"https:\/\/kjppraxis-meiners.de\/index.php?rest_route=\/wp\/v2\/pages\/9\/revisions\/36"}],"wp:attachment":[{"href":"https:\/\/kjppraxis-meiners.de\/index.php?rest_route=%2Fwp%2Fv2%2Fmedia&parent=9"}],"curies":[{"name":"wp","href":"https:\/\/api.w.org\/{rel}","templated":true}]}}