{"id":7,"date":"2013-10-24T22:07:08","date_gmt":"2013-10-24T20:07:08","guid":{"rendered":"https:\/\/kjppraxis-meiners.de\/?page_id=7"},"modified":"2025-12-28T15:40:05","modified_gmt":"2025-12-28T14:40:05","slug":"startseite","status":"publish","type":"page","link":"https:\/\/kjppraxis-meiners.de\/","title":{"rendered":"Startseite"},"content":{"rendered":"<p style=\"text-align: justify;\">Liebe Kinder und Jugendliche, liebe Eltern!<\/p>\n<p>Willkommen auf meiner Internetseite! Auf dieser Seite m\u00f6chte ich euch und Ihnen einen kurzen \u00dcberblick \u00fcber mein Behandlungsangebot und meine Praxis f\u00fcr Psychotherapie geben. Ich bin approbierte Kinder- und Jugendlichenpsychotherapeutin und arbeite mit Kindern und Jugendlichen bis 20 Jahren, wobei auch Sie, als Eltern, in Abh\u00e4ngigkeit vom Alter Ihres Kindes nat\u00fcrlich in die Behandlung einbezogen werden. Meine Praxis ist am Stadtrand von L\u00fcneburg, in Oedeme.<\/p>\n<p>Leider habe ich aktuell keine freien Behandlungspl\u00e4tze und kann Neuanmeldungen nur auf die Warteliste aufnehmen. Daf\u00fcr m\u00f6chte ich schon an dieser Stelle mitteilen, dass ich Termine nur vormittags vergebe. Falls dies f\u00fcr Sie in Frage kommt schreiben Sie mir gerne eine E-Mail oder rufen Sie mich in meiner Telefonsprechstunde an, montags bis freitags zwischen 12.50 Uhr und 13.15 Uhr.<\/p>\n<p style=\"text-align: justify;\">Anne Meiners<\/p>\n","protected":false},"excerpt":{"rendered":"<p>Liebe Kinder und Jugendliche, liebe Eltern! Willkommen auf meiner Internetseite! Auf dieser Seite m\u00f6chte ich euch und Ihnen einen kurzen \u00dcberblick \u00fcber mein Behandlungsangebot und meine Praxis f\u00fcr Psychotherapie geben. Ich bin approbierte Kinder- und Jugendlichenpsychotherapeutin und arbeite mit Kindern und Jugendlichen bis 20 Jahren, wobei auch Sie, als Eltern, in Abh\u00e4ngigkeit vom Alter Ihres [&hellip;]<\/p>\n","protected":false},"author":2,"featured_media":0,"parent":0,"menu_order":0,"comment_status":"closed","ping_status":"closed","template":"","meta":{"_uag_custom_page_level_css":"","footnotes":""},"uagb_featured_image_src":{"full":false,"thumbnail":false,"medium":false,"medium_large":false,"large":false,"1536x1536":false,"2048x2048":false,"post-thumbnail":false},"uagb_author_info":{"display_name":"Anne Meiners","author_link":"https:\/\/kjppraxis-meiners.de\/?author=2"},"uagb_comment_info":0,"uagb_excerpt":"Liebe Kinder und Jugendliche, liebe Eltern! Willkommen auf meiner Internetseite! Auf dieser Seite m\u00f6chte ich euch und Ihnen einen kurzen \u00dcberblick \u00fcber mein Behandlungsangebot und meine Praxis f\u00fcr Psychotherapie geben. Ich bin approbierte Kinder- und Jugendlichenpsychotherapeutin und arbeite mit Kindern und Jugendlichen bis 20 Jahren, wobei auch Sie, als Eltern, in Abh\u00e4ngigkeit vom Alter Ihres&hellip;","_links":{"self":[{"href":"https:\/\/kjppraxis-meiners.de\/index.php?rest_route=\/wp\/v2\/pages\/7"}],"collection":[{"href":"https:\/\/kjppraxis-meiners.de\/index.php?rest_route=\/wp\/v2\/pages"}],"about":[{"href":"https:\/\/kjppraxis-meiners.de\/index.php?rest_route=\/wp\/v2\/types\/page"}],"author":[{"embeddable":true,"href":"https:\/\/kjppraxis-meiners.de\/index.php?rest_route=\/wp\/v2\/users\/2"}],"replies":[{"embeddable":true,"href":"https:\/\/kjppraxis-meiners.de\/index.php?rest_route=%2Fwp%2Fv2%2Fcomments&post=7"}],"version-history":[{"count":9,"href":"https:\/\/kjppraxis-meiners.de\/index.php?rest_route=\/wp\/v2\/pages\/7\/revisions"}],"predecessor-version":[{"id":361,"href":"https:\/\/kjppraxis-meiners.de\/index.php?rest_route=\/wp\/v2\/pages\/7\/revisions\/361"}],"wp:attachment":[{"href":"https:\/\/kjppraxis-meiners.de\/index.php?rest_route=%2Fwp%2Fv2%2Fmedia&parent=7"}],"curies":[{"name":"wp","href":"https:\/\/api.w.org\/{rel}","templated":true}]}}