{"id":20,"date":"2013-10-24T22:14:10","date_gmt":"2013-10-24T20:14:10","guid":{"rendered":"https:\/\/kjppraxis-meiners.de\/?page_id=20"},"modified":"2025-12-28T15:31:48","modified_gmt":"2025-12-28T14:31:48","slug":"kontakt","status":"publish","type":"page","link":"https:\/\/kjppraxis-meiners.de\/?page_id=20","title":{"rendered":"Kontakt"},"content":{"rendered":"<p><strong><span style=\"font-size: large;\">Kontakt<\/span><\/strong><\/p>\n<table style=\"text-align: left; width: 611px; height: 821px;\" border=\"0\" cellspacing=\"3\" cellpadding=\"3\">\n<tbody>\n<tr>\n<td width=\"500px\">\n<p>\u00a0<\/p>\n<p>Anschrift:<br class=\"clear\" \/>Praxis f\u00fcr Kinder- und Jugendlichenpsychotherapie<br class=\"clear\" \/>Anne Meiners<br \/>Am Teich 18<br \/>21335 L\u00fcneburg<br class=\"clear\" \/><i class=\"fas fa-phone\"><\/i> Telefon: 04131 \/ 7760 731<br \/><i class=\"far fa-file\"><\/i> Telefax: 04131 \/ 2683 855<br \/><i class=\"far fa-envelope\"><\/i> E-Mail: <a href=\"javascript:DeCryptX('3n1p3q1u3d1l0t2B2m0j2r1q3u0a1y3l3v1.2O2g1j2p1f3u2u202f1f')\">kontakt [at] kjppraxis-meiners [dot] de<\/a><br \/><i class=\"fas fa-key\"><\/i> PGP: <a href=\"https:\/\/kjppraxis-meiners.de\/wp-content\/uploads\/signedPublicKeyAnneMeiners.asc\" target=\"_blank\" rel=\"noopener noreferrer\">\u00d6ffentlicher Schl\u00fcssel <\/a>(speichern: rechte Maustaste -&gt; Speichern unter)<\/p>\n<p style=\"text-align: justify;\">Da ich telefonisch nur schwer zu erreichen bin ist es wichtig, dass du oder deine Eltern deinen Namen, dein\/Ihr Anliegen und deine\/Ihre Telefonnummer auf den Anrufbeantworter sprechen. Ich rufe dann zur\u00fcck. Eine noch bessere M\u00f6glichkeit ist es, mir eine E-Mail zu schicken. Pers\u00f6nlich bin ich immer in meiner Telefonsprechzeit montags bis freitags von 12.50 Uhr bis 13.15 Uhr zu erreichen.<\/p>\n<p style=\"text-align: justify;\">Meine Praxis liegt in Oedeme am Stadtrand L\u00fcneburgs. Parkm\u00f6glichkeiten gibt es direkt vor dem Haus. Wenn du mit deinen Eltern mit \u00f6ffentlichen Verkehrsmitteln anreist, k\u00f6nnt ihr bis zu der Bushaltestelle \u201eOedeme Dorf\u201c oder &#8222;Rehrweg&#8220; fahren. Von dort ist es nicht mehr weit.<\/p>\n<\/td>\n<td style=\"vertical-align: top;\">\u00a0<\/td>\n<\/tr>\n<\/tbody>\n<\/table>\n\n\n<p><\/p>\n","protected":false},"excerpt":{"rendered":"<p>Kontakt \u00a0 Anschrift:Praxis f\u00fcr Kinder- und JugendlichenpsychotherapieAnne MeinersAm Teich 1821335 L\u00fcneburg Telefon: 04131 \/ 7760 731 Telefax: 04131 \/ 2683 855 E-Mail: kontakt [at] kjppraxis-meiners [dot] de PGP: \u00d6ffentlicher Schl\u00fcssel (speichern: rechte Maustaste -&gt; Speichern unter) Da ich telefonisch nur schwer zu erreichen bin ist es wichtig, dass du oder deine Eltern deinen Namen, dein\/Ihr [&hellip;]<\/p>\n","protected":false},"author":2,"featured_media":0,"parent":0,"menu_order":0,"comment_status":"closed","ping_status":"closed","template":"page-templates\/full-width.php","meta":{"_uag_custom_page_level_css":"","footnotes":""},"uagb_featured_image_src":{"full":false,"thumbnail":false,"medium":false,"medium_large":false,"large":false,"1536x1536":false,"2048x2048":false,"post-thumbnail":false},"uagb_author_info":{"display_name":"Anne Meiners","author_link":"https:\/\/kjppraxis-meiners.de\/?author=2"},"uagb_comment_info":0,"uagb_excerpt":"Kontakt \u00a0 Anschrift:Praxis f\u00fcr Kinder- und JugendlichenpsychotherapieAnne MeinersAm Teich 1821335 L\u00fcneburg Telefon: 04131 \/ 7760 731 Telefax: 04131 \/ 2683 855 E-Mail: kontakt [at] kjppraxis-meiners [dot] de PGP: \u00d6ffentlicher Schl\u00fcssel (speichern: rechte Maustaste -&gt; Speichern unter) Da ich telefonisch nur schwer zu erreichen bin ist es wichtig, dass du oder deine Eltern deinen Namen, dein\/Ihr&hellip;","_links":{"self":[{"href":"https:\/\/kjppraxis-meiners.de\/index.php?rest_route=\/wp\/v2\/pages\/20"}],"collection":[{"href":"https:\/\/kjppraxis-meiners.de\/index.php?rest_route=\/wp\/v2\/pages"}],"about":[{"href":"https:\/\/kjppraxis-meiners.de\/index.php?rest_route=\/wp\/v2\/types\/page"}],"author":[{"embeddable":true,"href":"https:\/\/kjppraxis-meiners.de\/index.php?rest_route=\/wp\/v2\/users\/2"}],"replies":[{"embeddable":true,"href":"https:\/\/kjppraxis-meiners.de\/index.php?rest_route=%2Fwp%2Fv2%2Fcomments&post=20"}],"version-history":[{"count":9,"href":"https:\/\/kjppraxis-meiners.de\/index.php?rest_route=\/wp\/v2\/pages\/20\/revisions"}],"predecessor-version":[{"id":358,"href":"https:\/\/kjppraxis-meiners.de\/index.php?rest_route=\/wp\/v2\/pages\/20\/revisions\/358"}],"wp:attachment":[{"href":"https:\/\/kjppraxis-meiners.de\/index.php?rest_route=%2Fwp%2Fv2%2Fmedia&parent=20"}],"curies":[{"name":"wp","href":"https:\/\/api.w.org\/{rel}","templated":true}]}}